{"id":504,"date":"2021-11-20T02:01:45","date_gmt":"2021-11-20T01:01:45","guid":{"rendered":"https:\/\/securiglobe.com\/accueil\/"},"modified":"2024-10-04T09:53:59","modified_gmt":"2024-10-04T13:53:59","slug":"assurance-voyage","status":"publish","type":"page","link":"https:\/\/www.securiglobe.com\/en\/","title":{"rendered":"Travel insurance broker"},"content":{"rendered":"","protected":false},"excerpt":{"rendered":"","protected":false},"author":2,"featured_media":1804,"parent":0,"menu_order":0,"comment_status":"closed","ping_status":"closed","template":"page-templates\/accueil.php","meta":{"_acf_changed":false,"inline_featured_image":false,"footnotes":""},"class_list":["post-504","page","type-page","status-publish","has-post-thumbnail","hentry"],"acf":[],"yoast_head":"<!-- This site is optimized with the Yoast SEO Premium plugin v27.2 (Yoast SEO v27.3) - https:\/\/yoast.com\/product\/yoast-seo-premium-wordpress\/ -->\r\n<title>Travel Insurance - Cancellation, Baggage &amp; Medical | SecuriGlobe<\/title>\r\n<meta name=\"description\" content=\"Find the best travel insurance with You First SecuriGlobe. Get worry-free travel with customized coverage at the right price.\" \/>\r\n<meta name=\"robots\" content=\"index, follow, max-snippet:-1, max-image-preview:large, max-video-preview:-1\" \/>\r\n<link rel=\"canonical\" href=\"https:\/\/www.securiglobe.com\/en\/\" \/>\r\n<meta property=\"og:locale\" content=\"en_US\" \/>\r\n<meta property=\"og:type\" content=\"article\" \/>\r\n<meta property=\"og:title\" content=\"Travel insurance broker\" \/>\r\n<meta property=\"og:description\" content=\"Find the best travel insurance with You First SecuriGlobe. Get worry-free travel with customized coverage at the right price.\" \/>\r\n<meta property=\"og:url\" content=\"https:\/\/www.securiglobe.com\/en\/\" \/>\r\n<meta property=\"og:site_name\" content=\"Securiglobe\" \/>\r\n<meta property=\"article:publisher\" content=\"https:\/\/www.facebook.com\/SECURIGLOBE\/\" \/>\r\n<meta property=\"article:modified_time\" content=\"2024-10-04T13:53:59+00:00\" \/>\r\n<meta property=\"og:image\" content=\"https:\/\/www.securiglobe.com\/wp-content\/uploads\/2021\/11\/bgheader-home-scaled.jpg\" \/>\r\n\t<meta property=\"og:image:width\" content=\"2560\" \/>\r\n\t<meta property=\"og:image:height\" content=\"1602\" \/>\r\n\t<meta property=\"og:image:type\" content=\"image\/jpeg\" \/>\r\n<meta name=\"twitter:card\" content=\"summary_large_image\" \/>\r\n<meta name=\"twitter:site\" content=\"@securiglobe\" \/>\r\n<meta name=\"twitter:label1\" content=\"Est. reading time\" \/>\n\t<meta name=\"twitter:data1\" content=\"1 minute\" \/>\r\n<script type=\"application\/ld+json\" class=\"yoast-schema-graph\">{\"@context\":\"https:\\\/\\\/schema.org\",\"@graph\":[{\"@type\":\"WebPage\",\"@id\":\"https:\\\/\\\/www.securiglobe.com\\\/en\\\/\",\"url\":\"https:\\\/\\\/www.securiglobe.com\\\/en\\\/\",\"name\":\"Travel Insurance - Cancellation, Baggage & Medical | SecuriGlobe\",\"isPartOf\":{\"@id\":\"https:\\\/\\\/www.securiglobe.com\\\/en\\\/#website\"},\"primaryImageOfPage\":{\"@id\":\"https:\\\/\\\/www.securiglobe.com\\\/en\\\/#primaryimage\"},\"image\":{\"@id\":\"https:\\\/\\\/www.securiglobe.com\\\/en\\\/#primaryimage\"},\"thumbnailUrl\":\"https:\\\/\\\/www.securiglobe.com\\\/wp-content\\\/uploads\\\/2024\\\/08\\\/Affiliation-1.webp\",\"datePublished\":\"2021-11-20T01:01:45+00:00\",\"dateModified\":\"2024-10-04T13:53:59+00:00\",\"description\":\"Find the best travel insurance with You First SecuriGlobe. Get worry-free travel with customized coverage at the right price.\",\"breadcrumb\":{\"@id\":\"https:\\\/\\\/www.securiglobe.com\\\/en\\\/#breadcrumb\"},\"inLanguage\":\"en-US\",\"potentialAction\":[{\"@type\":\"ReadAction\",\"target\":[\"https:\\\/\\\/www.securiglobe.com\\\/en\\\/\"]}]},{\"@type\":\"ImageObject\",\"inLanguage\":\"en-US\",\"@id\":\"https:\\\/\\\/www.securiglobe.com\\\/en\\\/#primaryimage\",\"url\":\"https:\\\/\\\/www.securiglobe.com\\\/wp-content\\\/uploads\\\/2024\\\/08\\\/Affiliation-1.webp\",\"contentUrl\":\"https:\\\/\\\/www.securiglobe.com\\\/wp-content\\\/uploads\\\/2024\\\/08\\\/Affiliation-1.webp\",\"width\":1728,\"height\":1017,\"caption\":\"Assurance voyage Assurance voyage internationale Comparatif assurance voyage Meilleure assurance voyage Assurance voyage pas ch\u00e8re Assurance voyage tout inclus Assurance voyage COVID-19 Assurance voyage pour seniors Assurance annulation voyage Assurance voyage temporaire Assurance sant\u00e9 voyage Assurance voyage long s\u00e9jour Assurance voyage \u00e9tudiant Assurance voyage famille Devis assurance voyage\"},{\"@type\":\"BreadcrumbList\",\"@id\":\"https:\\\/\\\/www.securiglobe.com\\\/en\\\/#breadcrumb\",\"itemListElement\":[{\"@type\":\"ListItem\",\"position\":1,\"name\":\"Accueil\",\"item\":\"https:\\\/\\\/www.securiglobe.com\\\/en\\\/\"},{\"@type\":\"ListItem\",\"position\":2,\"name\":\"Travel insurance broker\"}]},{\"@type\":\"WebSite\",\"@id\":\"https:\\\/\\\/www.securiglobe.com\\\/en\\\/#website\",\"url\":\"https:\\\/\\\/www.securiglobe.com\\\/en\\\/\",\"name\":\"Securiglobe\",\"description\":\"\",\"publisher\":{\"@id\":\"https:\\\/\\\/www.securiglobe.com\\\/en\\\/#organization\"},\"potentialAction\":[{\"@type\":\"SearchAction\",\"target\":{\"@type\":\"EntryPoint\",\"urlTemplate\":\"https:\\\/\\\/www.securiglobe.com\\\/en\\\/?s={search_term_string}\"},\"query-input\":{\"@type\":\"PropertyValueSpecification\",\"valueRequired\":true,\"valueName\":\"search_term_string\"}}],\"inLanguage\":\"en-US\"},{\"@type\":\"Organization\",\"@id\":\"https:\\\/\\\/www.securiglobe.com\\\/en\\\/#organization\",\"name\":\"Securiglobe\",\"url\":\"https:\\\/\\\/www.securiglobe.com\\\/en\\\/\",\"logo\":{\"@type\":\"ImageObject\",\"inLanguage\":\"en-US\",\"@id\":\"https:\\\/\\\/www.securiglobe.com\\\/en\\\/#\\\/schema\\\/logo\\\/image\\\/\",\"url\":\"https:\\\/\\\/www.securiglobe.com\\\/wp-content\\\/uploads\\\/2024\\\/09\\\/Securiglobe_SGSymbole_Vert_rvb.png\",\"contentUrl\":\"https:\\\/\\\/www.securiglobe.com\\\/wp-content\\\/uploads\\\/2024\\\/09\\\/Securiglobe_SGSymbole_Vert_rvb.png\",\"width\":1391,\"height\":1391,\"caption\":\"Securiglobe\"},\"image\":{\"@id\":\"https:\\\/\\\/www.securiglobe.com\\\/en\\\/#\\\/schema\\\/logo\\\/image\\\/\"},\"sameAs\":[\"https:\\\/\\\/www.facebook.com\\\/SECURIGLOBE\\\/\",\"https:\\\/\\\/x.com\\\/securiglobe\",\"https:\\\/\\\/www.instagram.com\\\/securiglobe\\\/\",\"https:\\\/\\\/www.linkedin.com\\\/company\\\/securiglobe\\\/\"]}]}<\/script>\r\n<!-- \/ Yoast SEO Premium plugin. -->","yoast_head_json":{"title":"Travel Insurance - Cancellation, Baggage & Medical | SecuriGlobe","description":"Find the best travel insurance with You First SecuriGlobe. Get worry-free travel with customized coverage at the right price.","robots":{"index":"index","follow":"follow","max-snippet":"max-snippet:-1","max-image-preview":"max-image-preview:large","max-video-preview":"max-video-preview:-1"},"canonical":"https:\/\/www.securiglobe.com\/en\/","og_locale":"en_US","og_type":"article","og_title":"Travel insurance broker","og_description":"Find the best travel insurance with You First SecuriGlobe. Get worry-free travel with customized coverage at the right price.","og_url":"https:\/\/www.securiglobe.com\/en\/","og_site_name":"Securiglobe","article_publisher":"https:\/\/www.facebook.com\/SECURIGLOBE\/","article_modified_time":"2024-10-04T13:53:59+00:00","og_image":[{"width":2560,"height":1602,"url":"https:\/\/www.securiglobe.com\/wp-content\/uploads\/2021\/11\/bgheader-home-scaled.jpg","type":"image\/jpeg"}],"twitter_card":"summary_large_image","twitter_site":"@securiglobe","twitter_misc":{"Est. reading time":"1 minute"},"schema":{"@context":"https:\/\/schema.org","@graph":[{"@type":"WebPage","@id":"https:\/\/www.securiglobe.com\/en\/","url":"https:\/\/www.securiglobe.com\/en\/","name":"Travel Insurance - Cancellation, Baggage & Medical | SecuriGlobe","isPartOf":{"@id":"https:\/\/www.securiglobe.com\/en\/#website"},"primaryImageOfPage":{"@id":"https:\/\/www.securiglobe.com\/en\/#primaryimage"},"image":{"@id":"https:\/\/www.securiglobe.com\/en\/#primaryimage"},"thumbnailUrl":"https:\/\/www.securiglobe.com\/wp-content\/uploads\/2024\/08\/Affiliation-1.webp","datePublished":"2021-11-20T01:01:45+00:00","dateModified":"2024-10-04T13:53:59+00:00","description":"Find the best travel insurance with You First SecuriGlobe. Get worry-free travel with customized coverage at the right price.","breadcrumb":{"@id":"https:\/\/www.securiglobe.com\/en\/#breadcrumb"},"inLanguage":"en-US","potentialAction":[{"@type":"ReadAction","target":["https:\/\/www.securiglobe.com\/en\/"]}]},{"@type":"ImageObject","inLanguage":"en-US","@id":"https:\/\/www.securiglobe.com\/en\/#primaryimage","url":"https:\/\/www.securiglobe.com\/wp-content\/uploads\/2024\/08\/Affiliation-1.webp","contentUrl":"https:\/\/www.securiglobe.com\/wp-content\/uploads\/2024\/08\/Affiliation-1.webp","width":1728,"height":1017,"caption":"Assurance voyage Assurance voyage internationale Comparatif assurance voyage Meilleure assurance voyage Assurance voyage pas ch\u00e8re Assurance voyage tout inclus Assurance voyage COVID-19 Assurance voyage pour seniors Assurance annulation voyage Assurance voyage temporaire Assurance sant\u00e9 voyage Assurance voyage long s\u00e9jour Assurance voyage \u00e9tudiant Assurance voyage famille Devis assurance voyage"},{"@type":"BreadcrumbList","@id":"https:\/\/www.securiglobe.com\/en\/#breadcrumb","itemListElement":[{"@type":"ListItem","position":1,"name":"Accueil","item":"https:\/\/www.securiglobe.com\/en\/"},{"@type":"ListItem","position":2,"name":"Travel insurance broker"}]},{"@type":"WebSite","@id":"https:\/\/www.securiglobe.com\/en\/#website","url":"https:\/\/www.securiglobe.com\/en\/","name":"Securiglobe","description":"","publisher":{"@id":"https:\/\/www.securiglobe.com\/en\/#organization"},"potentialAction":[{"@type":"SearchAction","target":{"@type":"EntryPoint","urlTemplate":"https:\/\/www.securiglobe.com\/en\/?s={search_term_string}"},"query-input":{"@type":"PropertyValueSpecification","valueRequired":true,"valueName":"search_term_string"}}],"inLanguage":"en-US"},{"@type":"Organization","@id":"https:\/\/www.securiglobe.com\/en\/#organization","name":"Securiglobe","url":"https:\/\/www.securiglobe.com\/en\/","logo":{"@type":"ImageObject","inLanguage":"en-US","@id":"https:\/\/www.securiglobe.com\/en\/#\/schema\/logo\/image\/","url":"https:\/\/www.securiglobe.com\/wp-content\/uploads\/2024\/09\/Securiglobe_SGSymbole_Vert_rvb.png","contentUrl":"https:\/\/www.securiglobe.com\/wp-content\/uploads\/2024\/09\/Securiglobe_SGSymbole_Vert_rvb.png","width":1391,"height":1391,"caption":"Securiglobe"},"image":{"@id":"https:\/\/www.securiglobe.com\/en\/#\/schema\/logo\/image\/"},"sameAs":["https:\/\/www.facebook.com\/SECURIGLOBE\/","https:\/\/x.com\/securiglobe","https:\/\/www.instagram.com\/securiglobe\/","https:\/\/www.linkedin.com\/company\/securiglobe\/"]}]}},"_links":{"self":[{"href":"https:\/\/www.securiglobe.com\/en\/wp-json\/wp\/v2\/pages\/504","targetHints":{"allow":["GET"]}}],"collection":[{"href":"https:\/\/www.securiglobe.com\/en\/wp-json\/wp\/v2\/pages"}],"about":[{"href":"https:\/\/www.securiglobe.com\/en\/wp-json\/wp\/v2\/types\/page"}],"author":[{"embeddable":true,"href":"https:\/\/www.securiglobe.com\/en\/wp-json\/wp\/v2\/users\/2"}],"replies":[{"embeddable":true,"href":"https:\/\/www.securiglobe.com\/en\/wp-json\/wp\/v2\/comments?post=504"}],"version-history":[{"count":18,"href":"https:\/\/www.securiglobe.com\/en\/wp-json\/wp\/v2\/pages\/504\/revisions"}],"predecessor-version":[{"id":1945,"href":"https:\/\/www.securiglobe.com\/en\/wp-json\/wp\/v2\/pages\/504\/revisions\/1945"}],"wp:featuredmedia":[{"embeddable":true,"href":"https:\/\/www.securiglobe.com\/en\/wp-json\/wp\/v2\/media\/1804"}],"wp:attachment":[{"href":"https:\/\/www.securiglobe.com\/en\/wp-json\/wp\/v2\/media?parent=504"}],"curies":[{"name":"wp","href":"https:\/\/api.w.org\/{rel}","templated":true}]}}