{"id":208,"date":"2021-12-15T17:33:27","date_gmt":"2021-12-15T16:33:27","guid":{"rendered":"https:\/\/securiglobe.com\/?page_id=208"},"modified":"2024-08-30T11:35:56","modified_gmt":"2024-08-30T15:35:56","slug":"satisfaction-de-la-clientele","status":"publish","type":"page","link":"https:\/\/www.securiglobe.com\/fr\/satisfaction-de-la-clientele\/","title":{"rendered":"Satisfaction de la client\u00e8le"},"content":{"rendered":"","protected":false},"excerpt":{"rendered":"","protected":false},"author":2,"featured_media":0,"parent":0,"menu_order":0,"comment_status":"closed","ping_status":"closed","template":"standard.php","meta":{"_acf_changed":false,"inline_featured_image":false,"footnotes":""},"class_list":["post-208","page","type-page","status-publish","hentry"],"acf":[],"yoast_head":"<!-- This site is optimized with the Yoast SEO Premium plugin v27.2 (Yoast SEO v27.4) - https:\/\/yoast.com\/product\/yoast-seo-premium-wordpress\/ -->\r\n<title>Satisfaction de la client\u00e8le - Securiglobe<\/title>\r\n<meta name=\"description\" content=\"Afin de mieux conna\u00eetre les besoins de sa client\u00e8le S\u00e9curiGlobe vous invite \u00e0 lui faire part de votre satisfaction ou de votre insatisfaction\" \/>\r\n<meta name=\"robots\" content=\"index, follow, max-snippet:-1, max-image-preview:large, max-video-preview:-1\" \/>\r\n<link rel=\"canonical\" href=\"https:\/\/www.securiglobe.com\/fr\/satisfaction-de-la-clientele\/\" \/>\r\n<meta property=\"og:locale\" content=\"fr_FR\" \/>\r\n<meta property=\"og:type\" content=\"article\" \/>\r\n<meta property=\"og:title\" content=\"Satisfaction de la client\u00e8le\" \/>\r\n<meta property=\"og:description\" content=\"Afin de mieux conna\u00eetre les besoins de sa client\u00e8le S\u00e9curiGlobe vous invite \u00e0 lui faire part de votre satisfaction ou de votre insatisfaction\" \/>\r\n<meta property=\"og:url\" content=\"https:\/\/www.securiglobe.com\/fr\/satisfaction-de-la-clientele\/\" \/>\r\n<meta property=\"og:site_name\" content=\"Securiglobe\" \/>\r\n<meta property=\"article:publisher\" content=\"https:\/\/www.facebook.com\/SECURIGLOBE\/\" \/>\r\n<meta property=\"article:modified_time\" content=\"2024-08-30T15:35:56+00:00\" \/>\r\n<meta property=\"og:image\" content=\"https:\/\/www.securiglobe.com\/wp-content\/uploads\/2022\/03\/shutterstock_322101797-1.jpg\" \/>\r\n\t<meta property=\"og:image:width\" content=\"1920\" \/>\r\n\t<meta property=\"og:image:height\" content=\"988\" \/>\r\n\t<meta property=\"og:image:type\" content=\"image\/jpeg\" \/>\r\n<meta name=\"twitter:card\" content=\"summary_large_image\" \/>\r\n<meta name=\"twitter:site\" content=\"@securiglobe\" \/>\r\n<meta name=\"twitter:label1\" content=\"Dur\u00e9e de lecture estim\u00e9e\" \/>\n\t<meta name=\"twitter:data1\" content=\"2 minutes\" \/>\r\n<script type=\"application\/ld+json\" class=\"yoast-schema-graph\">{\"@context\":\"https:\\\/\\\/schema.org\",\"@graph\":[{\"@type\":\"WebPage\",\"@id\":\"https:\\\/\\\/www.securiglobe.com\\\/fr\\\/satisfaction-de-la-clientele\\\/\",\"url\":\"https:\\\/\\\/www.securiglobe.com\\\/fr\\\/satisfaction-de-la-clientele\\\/\",\"name\":\"Satisfaction de la client\u00e8le - Securiglobe\",\"isPartOf\":{\"@id\":\"https:\\\/\\\/www.securiglobe.com\\\/fr\\\/#website\"},\"datePublished\":\"2021-12-15T16:33:27+00:00\",\"dateModified\":\"2024-08-30T15:35:56+00:00\",\"description\":\"Afin de mieux conna\u00eetre les besoins de sa client\u00e8le S\u00e9curiGlobe vous invite \u00e0 lui faire part de votre satisfaction ou de votre insatisfaction\",\"breadcrumb\":{\"@id\":\"https:\\\/\\\/www.securiglobe.com\\\/fr\\\/satisfaction-de-la-clientele\\\/#breadcrumb\"},\"inLanguage\":\"fr-FR\",\"potentialAction\":[{\"@type\":\"ReadAction\",\"target\":[\"https:\\\/\\\/www.securiglobe.com\\\/fr\\\/satisfaction-de-la-clientele\\\/\"]}]},{\"@type\":\"BreadcrumbList\",\"@id\":\"https:\\\/\\\/www.securiglobe.com\\\/fr\\\/satisfaction-de-la-clientele\\\/#breadcrumb\",\"itemListElement\":[{\"@type\":\"ListItem\",\"position\":1,\"name\":\"Accueil\",\"item\":\"https:\\\/\\\/www.securiglobe.com\\\/fr\\\/\"},{\"@type\":\"ListItem\",\"position\":2,\"name\":\"Satisfaction de la client\u00e8le\"}]},{\"@type\":\"WebSite\",\"@id\":\"https:\\\/\\\/www.securiglobe.com\\\/fr\\\/#website\",\"url\":\"https:\\\/\\\/www.securiglobe.com\\\/fr\\\/\",\"name\":\"Securiglobe\",\"description\":\"\",\"publisher\":{\"@id\":\"https:\\\/\\\/www.securiglobe.com\\\/fr\\\/#organization\"},\"potentialAction\":[{\"@type\":\"SearchAction\",\"target\":{\"@type\":\"EntryPoint\",\"urlTemplate\":\"https:\\\/\\\/www.securiglobe.com\\\/fr\\\/?s={search_term_string}\"},\"query-input\":{\"@type\":\"PropertyValueSpecification\",\"valueRequired\":true,\"valueName\":\"search_term_string\"}}],\"inLanguage\":\"fr-FR\"},{\"@type\":\"Organization\",\"@id\":\"https:\\\/\\\/www.securiglobe.com\\\/fr\\\/#organization\",\"name\":\"Securiglobe\",\"url\":\"https:\\\/\\\/www.securiglobe.com\\\/fr\\\/\",\"logo\":{\"@type\":\"ImageObject\",\"inLanguage\":\"fr-FR\",\"@id\":\"https:\\\/\\\/www.securiglobe.com\\\/fr\\\/#\\\/schema\\\/logo\\\/image\\\/\",\"url\":\"https:\\\/\\\/www.securiglobe.com\\\/wp-content\\\/uploads\\\/2024\\\/09\\\/Securiglobe_SGSymbole_Vert_rvb.png\",\"contentUrl\":\"https:\\\/\\\/www.securiglobe.com\\\/wp-content\\\/uploads\\\/2024\\\/09\\\/Securiglobe_SGSymbole_Vert_rvb.png\",\"width\":1391,\"height\":1391,\"caption\":\"Securiglobe\"},\"image\":{\"@id\":\"https:\\\/\\\/www.securiglobe.com\\\/fr\\\/#\\\/schema\\\/logo\\\/image\\\/\"},\"sameAs\":[\"https:\\\/\\\/www.facebook.com\\\/SECURIGLOBE\\\/\",\"https:\\\/\\\/x.com\\\/securiglobe\",\"https:\\\/\\\/www.instagram.com\\\/securiglobe\\\/\",\"https:\\\/\\\/www.linkedin.com\\\/company\\\/securiglobe\\\/\"]}]}<\/script>\r\n<!-- \/ Yoast SEO Premium plugin. -->","yoast_head_json":{"title":"Satisfaction de la client\u00e8le - Securiglobe","description":"Afin de mieux conna\u00eetre les besoins de sa client\u00e8le S\u00e9curiGlobe vous invite \u00e0 lui faire part de votre satisfaction ou de votre insatisfaction","robots":{"index":"index","follow":"follow","max-snippet":"max-snippet:-1","max-image-preview":"max-image-preview:large","max-video-preview":"max-video-preview:-1"},"canonical":"https:\/\/www.securiglobe.com\/fr\/satisfaction-de-la-clientele\/","og_locale":"fr_FR","og_type":"article","og_title":"Satisfaction de la client\u00e8le","og_description":"Afin de mieux conna\u00eetre les besoins de sa client\u00e8le S\u00e9curiGlobe vous invite \u00e0 lui faire part de votre satisfaction ou de votre insatisfaction","og_url":"https:\/\/www.securiglobe.com\/fr\/satisfaction-de-la-clientele\/","og_site_name":"Securiglobe","article_publisher":"https:\/\/www.facebook.com\/SECURIGLOBE\/","article_modified_time":"2024-08-30T15:35:56+00:00","og_image":[{"width":1920,"height":988,"url":"https:\/\/www.securiglobe.com\/wp-content\/uploads\/2022\/03\/shutterstock_322101797-1.jpg","type":"image\/jpeg"}],"twitter_card":"summary_large_image","twitter_site":"@securiglobe","twitter_misc":{"Dur\u00e9e de lecture estim\u00e9e":"2 minutes"},"schema":{"@context":"https:\/\/schema.org","@graph":[{"@type":"WebPage","@id":"https:\/\/www.securiglobe.com\/fr\/satisfaction-de-la-clientele\/","url":"https:\/\/www.securiglobe.com\/fr\/satisfaction-de-la-clientele\/","name":"Satisfaction de la client\u00e8le - Securiglobe","isPartOf":{"@id":"https:\/\/www.securiglobe.com\/fr\/#website"},"datePublished":"2021-12-15T16:33:27+00:00","dateModified":"2024-08-30T15:35:56+00:00","description":"Afin de mieux conna\u00eetre les besoins de sa client\u00e8le S\u00e9curiGlobe vous invite \u00e0 lui faire part de votre satisfaction ou de votre insatisfaction","breadcrumb":{"@id":"https:\/\/www.securiglobe.com\/fr\/satisfaction-de-la-clientele\/#breadcrumb"},"inLanguage":"fr-FR","potentialAction":[{"@type":"ReadAction","target":["https:\/\/www.securiglobe.com\/fr\/satisfaction-de-la-clientele\/"]}]},{"@type":"BreadcrumbList","@id":"https:\/\/www.securiglobe.com\/fr\/satisfaction-de-la-clientele\/#breadcrumb","itemListElement":[{"@type":"ListItem","position":1,"name":"Accueil","item":"https:\/\/www.securiglobe.com\/fr\/"},{"@type":"ListItem","position":2,"name":"Satisfaction de la client\u00e8le"}]},{"@type":"WebSite","@id":"https:\/\/www.securiglobe.com\/fr\/#website","url":"https:\/\/www.securiglobe.com\/fr\/","name":"Securiglobe","description":"","publisher":{"@id":"https:\/\/www.securiglobe.com\/fr\/#organization"},"potentialAction":[{"@type":"SearchAction","target":{"@type":"EntryPoint","urlTemplate":"https:\/\/www.securiglobe.com\/fr\/?s={search_term_string}"},"query-input":{"@type":"PropertyValueSpecification","valueRequired":true,"valueName":"search_term_string"}}],"inLanguage":"fr-FR"},{"@type":"Organization","@id":"https:\/\/www.securiglobe.com\/fr\/#organization","name":"Securiglobe","url":"https:\/\/www.securiglobe.com\/fr\/","logo":{"@type":"ImageObject","inLanguage":"fr-FR","@id":"https:\/\/www.securiglobe.com\/fr\/#\/schema\/logo\/image\/","url":"https:\/\/www.securiglobe.com\/wp-content\/uploads\/2024\/09\/Securiglobe_SGSymbole_Vert_rvb.png","contentUrl":"https:\/\/www.securiglobe.com\/wp-content\/uploads\/2024\/09\/Securiglobe_SGSymbole_Vert_rvb.png","width":1391,"height":1391,"caption":"Securiglobe"},"image":{"@id":"https:\/\/www.securiglobe.com\/fr\/#\/schema\/logo\/image\/"},"sameAs":["https:\/\/www.facebook.com\/SECURIGLOBE\/","https:\/\/x.com\/securiglobe","https:\/\/www.instagram.com\/securiglobe\/","https:\/\/www.linkedin.com\/company\/securiglobe\/"]}]}},"_links":{"self":[{"href":"https:\/\/www.securiglobe.com\/fr\/wp-json\/wp\/v2\/pages\/208","targetHints":{"allow":["GET"]}}],"collection":[{"href":"https:\/\/www.securiglobe.com\/fr\/wp-json\/wp\/v2\/pages"}],"about":[{"href":"https:\/\/www.securiglobe.com\/fr\/wp-json\/wp\/v2\/types\/page"}],"author":[{"embeddable":true,"href":"https:\/\/www.securiglobe.com\/fr\/wp-json\/wp\/v2\/users\/2"}],"replies":[{"embeddable":true,"href":"https:\/\/www.securiglobe.com\/fr\/wp-json\/wp\/v2\/comments?post=208"}],"version-history":[{"count":19,"href":"https:\/\/www.securiglobe.com\/fr\/wp-json\/wp\/v2\/pages\/208\/revisions"}],"predecessor-version":[{"id":2061,"href":"https:\/\/www.securiglobe.com\/fr\/wp-json\/wp\/v2\/pages\/208\/revisions\/2061"}],"wp:attachment":[{"href":"https:\/\/www.securiglobe.com\/fr\/wp-json\/wp\/v2\/media?parent=208"}],"curies":[{"name":"wp","href":"https:\/\/api.w.org\/{rel}","templated":true}]}}