{"id":288,"date":"2021-12-15T19:38:00","date_gmt":"2021-12-15T18:38:00","guid":{"rendered":"https:\/\/securiglobe.com\/?page_id=288"},"modified":"2025-12-04T09:58:18","modified_gmt":"2025-12-04T14:58:18","slug":"emplois","status":"publish","type":"page","link":"https:\/\/www.securiglobe.com\/fr\/emplois\/","title":{"rendered":"Carri\u00e8res"},"content":{"rendered":"","protected":false},"excerpt":{"rendered":"","protected":false},"author":2,"featured_media":0,"parent":0,"menu_order":0,"comment_status":"closed","ping_status":"closed","template":"page-templates\/emplois.php","meta":{"_acf_changed":false,"inline_featured_image":false,"footnotes":""},"class_list":["post-288","page","type-page","status-publish","hentry"],"acf":[],"yoast_head":"<!-- This site is optimized with the Yoast SEO Premium plugin v27.2 (Yoast SEO v27.2) - https:\/\/yoast.com\/product\/yoast-seo-premium-wordpress\/ -->\r\n<title>Carri\u00e8res - Securiglobe<\/title>\r\n<meta name=\"description\" content=\"Emplois - S\u00e9curiglobe recherche des talents. Joignez un environnement de travail convivial et une \u00e9quipe r\u00e9put\u00e9!\" \/>\r\n<meta name=\"robots\" content=\"index, follow, max-snippet:-1, max-image-preview:large, max-video-preview:-1\" \/>\r\n<link rel=\"canonical\" href=\"https:\/\/www.securiglobe.com\/fr\/emplois\/\" \/>\r\n<meta property=\"og:locale\" content=\"fr_FR\" \/>\r\n<meta property=\"og:type\" content=\"article\" \/>\r\n<meta property=\"og:title\" content=\"Carri\u00e8res\" \/>\r\n<meta property=\"og:description\" content=\"Emplois - S\u00e9curiglobe recherche des talents. Joignez un environnement de travail convivial et une \u00e9quipe r\u00e9put\u00e9!\" \/>\r\n<meta property=\"og:url\" content=\"https:\/\/www.securiglobe.com\/fr\/emplois\/\" \/>\r\n<meta property=\"og:site_name\" content=\"Securiglobe\" \/>\r\n<meta property=\"article:publisher\" content=\"https:\/\/www.facebook.com\/SECURIGLOBE\/\" \/>\r\n<meta property=\"article:modified_time\" content=\"2025-12-04T14:58:18+00:00\" \/>\r\n<meta property=\"og:image\" content=\"https:\/\/www.securiglobe.com\/wp-content\/uploads\/2022\/03\/shutterstock_322101797-1.jpg\" \/>\r\n\t<meta property=\"og:image:width\" content=\"1920\" \/>\r\n\t<meta property=\"og:image:height\" content=\"988\" \/>\r\n\t<meta property=\"og:image:type\" content=\"image\/jpeg\" \/>\r\n<meta name=\"twitter:card\" content=\"summary_large_image\" \/>\r\n<meta name=\"twitter:site\" content=\"@securiglobe\" \/>\r\n<meta name=\"twitter:label1\" content=\"Dur\u00e9e de lecture estim\u00e9e\" \/>\n\t<meta name=\"twitter:data1\" content=\"1 minute\" \/>\r\n<script type=\"application\/ld+json\" class=\"yoast-schema-graph\">{\"@context\":\"https:\/\/schema.org\",\"@graph\":[{\"@type\":\"WebPage\",\"@id\":\"https:\/\/www.securiglobe.com\/fr\/emplois\/\",\"url\":\"https:\/\/www.securiglobe.com\/fr\/emplois\/\",\"name\":\"Carri\u00e8res - Securiglobe\",\"isPartOf\":{\"@id\":\"https:\/\/www.securiglobe.com\/fr\/#website\"},\"datePublished\":\"2021-12-15T18:38:00+00:00\",\"dateModified\":\"2025-12-04T14:58:18+00:00\",\"description\":\"Emplois - S\u00e9curiglobe recherche des talents. Joignez un environnement de travail convivial et une \u00e9quipe r\u00e9put\u00e9!\",\"breadcrumb\":{\"@id\":\"https:\/\/www.securiglobe.com\/fr\/emplois\/#breadcrumb\"},\"inLanguage\":\"fr-FR\",\"potentialAction\":[{\"@type\":\"ReadAction\",\"target\":[\"https:\/\/www.securiglobe.com\/fr\/emplois\/\"]}]},{\"@type\":\"BreadcrumbList\",\"@id\":\"https:\/\/www.securiglobe.com\/fr\/emplois\/#breadcrumb\",\"itemListElement\":[{\"@type\":\"ListItem\",\"position\":1,\"name\":\"Accueil\",\"item\":\"https:\/\/www.securiglobe.com\/fr\/\"},{\"@type\":\"ListItem\",\"position\":2,\"name\":\"Carri\u00e8res\"}]},{\"@type\":\"WebSite\",\"@id\":\"https:\/\/www.securiglobe.com\/fr\/#website\",\"url\":\"https:\/\/www.securiglobe.com\/fr\/\",\"name\":\"Securiglobe\",\"description\":\"\",\"publisher\":{\"@id\":\"https:\/\/www.securiglobe.com\/fr\/#organization\"},\"potentialAction\":[{\"@type\":\"SearchAction\",\"target\":{\"@type\":\"EntryPoint\",\"urlTemplate\":\"https:\/\/www.securiglobe.com\/fr\/?s={search_term_string}\"},\"query-input\":{\"@type\":\"PropertyValueSpecification\",\"valueRequired\":true,\"valueName\":\"search_term_string\"}}],\"inLanguage\":\"fr-FR\"},{\"@type\":\"Organization\",\"@id\":\"https:\/\/www.securiglobe.com\/fr\/#organization\",\"name\":\"Securiglobe\",\"url\":\"https:\/\/www.securiglobe.com\/fr\/\",\"logo\":{\"@type\":\"ImageObject\",\"inLanguage\":\"fr-FR\",\"@id\":\"https:\/\/www.securiglobe.com\/fr\/#\/schema\/logo\/image\/\",\"url\":\"https:\/\/www.securiglobe.com\/wp-content\/uploads\/2024\/09\/Securiglobe_SGSymbole_Vert_rvb.png\",\"contentUrl\":\"https:\/\/www.securiglobe.com\/wp-content\/uploads\/2024\/09\/Securiglobe_SGSymbole_Vert_rvb.png\",\"width\":1391,\"height\":1391,\"caption\":\"Securiglobe\"},\"image\":{\"@id\":\"https:\/\/www.securiglobe.com\/fr\/#\/schema\/logo\/image\/\"},\"sameAs\":[\"https:\/\/www.facebook.com\/SECURIGLOBE\/\",\"https:\/\/x.com\/securiglobe\",\"https:\/\/www.instagram.com\/securiglobe\/\",\"https:\/\/www.linkedin.com\/company\/securiglobe\/\"]}]}<\/script>\r\n<!-- \/ Yoast SEO Premium plugin. -->","yoast_head_json":{"title":"Carri\u00e8res - Securiglobe","description":"Emplois - S\u00e9curiglobe recherche des talents. Joignez un environnement de travail convivial et une \u00e9quipe r\u00e9put\u00e9!","robots":{"index":"index","follow":"follow","max-snippet":"max-snippet:-1","max-image-preview":"max-image-preview:large","max-video-preview":"max-video-preview:-1"},"canonical":"https:\/\/www.securiglobe.com\/fr\/emplois\/","og_locale":"fr_FR","og_type":"article","og_title":"Carri\u00e8res","og_description":"Emplois - S\u00e9curiglobe recherche des talents. Joignez un environnement de travail convivial et une \u00e9quipe r\u00e9put\u00e9!","og_url":"https:\/\/www.securiglobe.com\/fr\/emplois\/","og_site_name":"Securiglobe","article_publisher":"https:\/\/www.facebook.com\/SECURIGLOBE\/","article_modified_time":"2025-12-04T14:58:18+00:00","og_image":[{"width":1920,"height":988,"url":"https:\/\/www.securiglobe.com\/wp-content\/uploads\/2022\/03\/shutterstock_322101797-1.jpg","type":"image\/jpeg"}],"twitter_card":"summary_large_image","twitter_site":"@securiglobe","twitter_misc":{"Dur\u00e9e de lecture estim\u00e9e":"1 minute"},"schema":{"@context":"https:\/\/schema.org","@graph":[{"@type":"WebPage","@id":"https:\/\/www.securiglobe.com\/fr\/emplois\/","url":"https:\/\/www.securiglobe.com\/fr\/emplois\/","name":"Carri\u00e8res - Securiglobe","isPartOf":{"@id":"https:\/\/www.securiglobe.com\/fr\/#website"},"datePublished":"2021-12-15T18:38:00+00:00","dateModified":"2025-12-04T14:58:18+00:00","description":"Emplois - S\u00e9curiglobe recherche des talents. Joignez un environnement de travail convivial et une \u00e9quipe r\u00e9put\u00e9!","breadcrumb":{"@id":"https:\/\/www.securiglobe.com\/fr\/emplois\/#breadcrumb"},"inLanguage":"fr-FR","potentialAction":[{"@type":"ReadAction","target":["https:\/\/www.securiglobe.com\/fr\/emplois\/"]}]},{"@type":"BreadcrumbList","@id":"https:\/\/www.securiglobe.com\/fr\/emplois\/#breadcrumb","itemListElement":[{"@type":"ListItem","position":1,"name":"Accueil","item":"https:\/\/www.securiglobe.com\/fr\/"},{"@type":"ListItem","position":2,"name":"Carri\u00e8res"}]},{"@type":"WebSite","@id":"https:\/\/www.securiglobe.com\/fr\/#website","url":"https:\/\/www.securiglobe.com\/fr\/","name":"Securiglobe","description":"","publisher":{"@id":"https:\/\/www.securiglobe.com\/fr\/#organization"},"potentialAction":[{"@type":"SearchAction","target":{"@type":"EntryPoint","urlTemplate":"https:\/\/www.securiglobe.com\/fr\/?s={search_term_string}"},"query-input":{"@type":"PropertyValueSpecification","valueRequired":true,"valueName":"search_term_string"}}],"inLanguage":"fr-FR"},{"@type":"Organization","@id":"https:\/\/www.securiglobe.com\/fr\/#organization","name":"Securiglobe","url":"https:\/\/www.securiglobe.com\/fr\/","logo":{"@type":"ImageObject","inLanguage":"fr-FR","@id":"https:\/\/www.securiglobe.com\/fr\/#\/schema\/logo\/image\/","url":"https:\/\/www.securiglobe.com\/wp-content\/uploads\/2024\/09\/Securiglobe_SGSymbole_Vert_rvb.png","contentUrl":"https:\/\/www.securiglobe.com\/wp-content\/uploads\/2024\/09\/Securiglobe_SGSymbole_Vert_rvb.png","width":1391,"height":1391,"caption":"Securiglobe"},"image":{"@id":"https:\/\/www.securiglobe.com\/fr\/#\/schema\/logo\/image\/"},"sameAs":["https:\/\/www.facebook.com\/SECURIGLOBE\/","https:\/\/x.com\/securiglobe","https:\/\/www.instagram.com\/securiglobe\/","https:\/\/www.linkedin.com\/company\/securiglobe\/"]}]}},"_links":{"self":[{"href":"https:\/\/www.securiglobe.com\/fr\/wp-json\/wp\/v2\/pages\/288","targetHints":{"allow":["GET"]}}],"collection":[{"href":"https:\/\/www.securiglobe.com\/fr\/wp-json\/wp\/v2\/pages"}],"about":[{"href":"https:\/\/www.securiglobe.com\/fr\/wp-json\/wp\/v2\/types\/page"}],"author":[{"embeddable":true,"href":"https:\/\/www.securiglobe.com\/fr\/wp-json\/wp\/v2\/users\/2"}],"replies":[{"embeddable":true,"href":"https:\/\/www.securiglobe.com\/fr\/wp-json\/wp\/v2\/comments?post=288"}],"version-history":[{"count":23,"href":"https:\/\/www.securiglobe.com\/fr\/wp-json\/wp\/v2\/pages\/288\/revisions"}],"predecessor-version":[{"id":2188,"href":"https:\/\/www.securiglobe.com\/fr\/wp-json\/wp\/v2\/pages\/288\/revisions\/2188"}],"wp:attachment":[{"href":"https:\/\/www.securiglobe.com\/fr\/wp-json\/wp\/v2\/media?parent=288"}],"curies":[{"name":"wp","href":"https:\/\/api.w.org\/{rel}","templated":true}]}}