{"id":7,"date":"2021-11-20T02:01:45","date_gmt":"2021-11-20T01:01:45","guid":{"rendered":"https:\/\/securiglobe.com\/?page_id=7"},"modified":"2025-11-14T09:36:42","modified_gmt":"2025-11-14T14:36:42","slug":"accueil","status":"publish","type":"page","link":"https:\/\/www.securiglobe.com\/fr\/","title":{"rendered":"Accueil"},"content":{"rendered":"","protected":false},"excerpt":{"rendered":"","protected":false},"author":2,"featured_media":1803,"parent":0,"menu_order":0,"comment_status":"closed","ping_status":"closed","template":"page-templates\/accueil.php","meta":{"_acf_changed":false,"inline_featured_image":false,"footnotes":""},"class_list":["post-7","page","type-page","status-publish","has-post-thumbnail","hentry"],"acf":[],"yoast_head":"<!-- This site is optimized with the Yoast SEO Premium plugin v27.2 (Yoast SEO v27.2) - https:\/\/yoast.com\/product\/yoast-seo-premium-wordpress\/ -->\r\n<title>Assurance Voyage - Annulation, Bagages et M\u00e9dicale | SecuriGlobe<\/title>\r\n<meta name=\"description\" content=\"SecuriGlobe, l\u2019assurance de premi\u00e8re importance qui voyage avec vous. Comparez plusieurs soumissions en 1 \u00e9tape.\" \/>\r\n<meta name=\"robots\" content=\"index, follow, max-snippet:-1, max-image-preview:large, max-video-preview:-1\" \/>\r\n<link rel=\"canonical\" href=\"https:\/\/www.securiglobe.com\/fr\/\" \/>\r\n<meta property=\"og:locale\" content=\"fr_FR\" \/>\r\n<meta property=\"og:type\" content=\"article\" \/>\r\n<meta property=\"og:title\" content=\"Accueil\" \/>\r\n<meta property=\"og:description\" content=\"SecuriGlobe, l\u2019assurance de premi\u00e8re importance qui voyage avec vous. Comparez plusieurs soumissions en 1 \u00e9tape.\" \/>\r\n<meta property=\"og:url\" content=\"https:\/\/www.securiglobe.com\/fr\/\" \/>\r\n<meta property=\"og:site_name\" content=\"Securiglobe\" \/>\r\n<meta property=\"article:publisher\" content=\"https:\/\/www.facebook.com\/SECURIGLOBE\/\" \/>\r\n<meta property=\"article:modified_time\" content=\"2025-11-14T14:36:42+00:00\" \/>\r\n<meta property=\"og:image\" content=\"https:\/\/www.securiglobe.com\/wp-content\/uploads\/2024\/08\/affiliate_partners.png\" \/>\r\n\t<meta property=\"og:image:width\" content=\"482\" \/>\r\n\t<meta property=\"og:image:height\" content=\"361\" \/>\r\n\t<meta property=\"og:image:type\" content=\"image\/png\" \/>\r\n<meta name=\"twitter:card\" content=\"summary_large_image\" \/>\r\n<meta name=\"twitter:site\" content=\"@securiglobe\" \/>\r\n<meta name=\"twitter:label1\" content=\"Dur\u00e9e de lecture estim\u00e9e\" \/>\n\t<meta name=\"twitter:data1\" content=\"1 minute\" \/>\r\n<script type=\"application\/ld+json\" class=\"yoast-schema-graph\">{\"@context\":\"https:\/\/schema.org\",\"@graph\":[{\"@type\":\"WebPage\",\"@id\":\"https:\/\/www.securiglobe.com\/fr\/\",\"url\":\"https:\/\/www.securiglobe.com\/fr\/\",\"name\":\"Assurance Voyage - Annulation, Bagages et M\u00e9dicale | SecuriGlobe\",\"isPartOf\":{\"@id\":\"https:\/\/www.securiglobe.com\/fr\/#website\"},\"primaryImageOfPage\":{\"@id\":\"https:\/\/www.securiglobe.com\/fr\/#primaryimage\"},\"image\":{\"@id\":\"https:\/\/www.securiglobe.com\/fr\/#primaryimage\"},\"thumbnailUrl\":\"https:\/\/www.securiglobe.com\/wp-content\/uploads\/2024\/08\/Affiliation-1.webp\",\"datePublished\":\"2021-11-20T01:01:45+00:00\",\"dateModified\":\"2025-11-14T14:36:42+00:00\",\"description\":\"SecuriGlobe, l\u2019assurance de premi\u00e8re importance qui voyage avec vous. Comparez plusieurs soumissions en 1 \u00e9tape.\",\"breadcrumb\":{\"@id\":\"https:\/\/www.securiglobe.com\/fr\/#breadcrumb\"},\"inLanguage\":\"fr-FR\",\"potentialAction\":[{\"@type\":\"ReadAction\",\"target\":[\"https:\/\/www.securiglobe.com\/fr\/\"]}]},{\"@type\":\"ImageObject\",\"inLanguage\":\"fr-FR\",\"@id\":\"https:\/\/www.securiglobe.com\/fr\/#primaryimage\",\"url\":\"https:\/\/www.securiglobe.com\/wp-content\/uploads\/2024\/08\/Affiliation-1.webp\",\"contentUrl\":\"https:\/\/www.securiglobe.com\/wp-content\/uploads\/2024\/08\/Affiliation-1.webp\",\"width\":1728,\"height\":1017,\"caption\":\"Assurance voyage Assurance voyage internationale Comparatif assurance voyage Meilleure assurance voyage Assurance voyage pas ch\u00e8re Assurance voyage tout inclus Assurance voyage COVID-19 Assurance voyage pour seniors Assurance annulation voyage Assurance voyage temporaire Assurance sant\u00e9 voyage Assurance voyage long s\u00e9jour Assurance voyage \u00e9tudiant Assurance voyage famille Devis assurance voyage\"},{\"@type\":\"BreadcrumbList\",\"@id\":\"https:\/\/www.securiglobe.com\/fr\/#breadcrumb\",\"itemListElement\":[{\"@type\":\"ListItem\",\"position\":1,\"name\":\"Accueil\",\"item\":\"https:\/\/www.securiglobe.com\/fr\/\"},{\"@type\":\"ListItem\",\"position\":2,\"name\":\"Accueil\"}]},{\"@type\":\"WebSite\",\"@id\":\"https:\/\/www.securiglobe.com\/fr\/#website\",\"url\":\"https:\/\/www.securiglobe.com\/fr\/\",\"name\":\"Securiglobe\",\"description\":\"\",\"publisher\":{\"@id\":\"https:\/\/www.securiglobe.com\/fr\/#organization\"},\"potentialAction\":[{\"@type\":\"SearchAction\",\"target\":{\"@type\":\"EntryPoint\",\"urlTemplate\":\"https:\/\/www.securiglobe.com\/fr\/?s={search_term_string}\"},\"query-input\":{\"@type\":\"PropertyValueSpecification\",\"valueRequired\":true,\"valueName\":\"search_term_string\"}}],\"inLanguage\":\"fr-FR\"},{\"@type\":\"Organization\",\"@id\":\"https:\/\/www.securiglobe.com\/fr\/#organization\",\"name\":\"Securiglobe\",\"url\":\"https:\/\/www.securiglobe.com\/fr\/\",\"logo\":{\"@type\":\"ImageObject\",\"inLanguage\":\"fr-FR\",\"@id\":\"https:\/\/www.securiglobe.com\/fr\/#\/schema\/logo\/image\/\",\"url\":\"https:\/\/www.securiglobe.com\/wp-content\/uploads\/2024\/09\/Securiglobe_SGSymbole_Vert_rvb.png\",\"contentUrl\":\"https:\/\/www.securiglobe.com\/wp-content\/uploads\/2024\/09\/Securiglobe_SGSymbole_Vert_rvb.png\",\"width\":1391,\"height\":1391,\"caption\":\"Securiglobe\"},\"image\":{\"@id\":\"https:\/\/www.securiglobe.com\/fr\/#\/schema\/logo\/image\/\"},\"sameAs\":[\"https:\/\/www.facebook.com\/SECURIGLOBE\/\",\"https:\/\/x.com\/securiglobe\",\"https:\/\/www.instagram.com\/securiglobe\/\",\"https:\/\/www.linkedin.com\/company\/securiglobe\/\"]}]}<\/script>\r\n<!-- \/ Yoast SEO Premium plugin. -->","yoast_head_json":{"title":"Assurance Voyage - Annulation, Bagages et M\u00e9dicale | SecuriGlobe","description":"SecuriGlobe, l\u2019assurance de premi\u00e8re importance qui voyage avec vous. Comparez plusieurs soumissions en 1 \u00e9tape.","robots":{"index":"index","follow":"follow","max-snippet":"max-snippet:-1","max-image-preview":"max-image-preview:large","max-video-preview":"max-video-preview:-1"},"canonical":"https:\/\/www.securiglobe.com\/fr\/","og_locale":"fr_FR","og_type":"article","og_title":"Accueil","og_description":"SecuriGlobe, l\u2019assurance de premi\u00e8re importance qui voyage avec vous. Comparez plusieurs soumissions en 1 \u00e9tape.","og_url":"https:\/\/www.securiglobe.com\/fr\/","og_site_name":"Securiglobe","article_publisher":"https:\/\/www.facebook.com\/SECURIGLOBE\/","article_modified_time":"2025-11-14T14:36:42+00:00","og_image":[{"width":482,"height":361,"url":"https:\/\/www.securiglobe.com\/wp-content\/uploads\/2024\/08\/affiliate_partners.png","type":"image\/png"}],"twitter_card":"summary_large_image","twitter_site":"@securiglobe","twitter_misc":{"Dur\u00e9e de lecture estim\u00e9e":"1 minute"},"schema":{"@context":"https:\/\/schema.org","@graph":[{"@type":"WebPage","@id":"https:\/\/www.securiglobe.com\/fr\/","url":"https:\/\/www.securiglobe.com\/fr\/","name":"Assurance Voyage - Annulation, Bagages et M\u00e9dicale | SecuriGlobe","isPartOf":{"@id":"https:\/\/www.securiglobe.com\/fr\/#website"},"primaryImageOfPage":{"@id":"https:\/\/www.securiglobe.com\/fr\/#primaryimage"},"image":{"@id":"https:\/\/www.securiglobe.com\/fr\/#primaryimage"},"thumbnailUrl":"https:\/\/www.securiglobe.com\/wp-content\/uploads\/2024\/08\/Affiliation-1.webp","datePublished":"2021-11-20T01:01:45+00:00","dateModified":"2025-11-14T14:36:42+00:00","description":"SecuriGlobe, l\u2019assurance de premi\u00e8re importance qui voyage avec vous. Comparez plusieurs soumissions en 1 \u00e9tape.","breadcrumb":{"@id":"https:\/\/www.securiglobe.com\/fr\/#breadcrumb"},"inLanguage":"fr-FR","potentialAction":[{"@type":"ReadAction","target":["https:\/\/www.securiglobe.com\/fr\/"]}]},{"@type":"ImageObject","inLanguage":"fr-FR","@id":"https:\/\/www.securiglobe.com\/fr\/#primaryimage","url":"https:\/\/www.securiglobe.com\/wp-content\/uploads\/2024\/08\/Affiliation-1.webp","contentUrl":"https:\/\/www.securiglobe.com\/wp-content\/uploads\/2024\/08\/Affiliation-1.webp","width":1728,"height":1017,"caption":"Assurance voyage Assurance voyage internationale Comparatif assurance voyage Meilleure assurance voyage Assurance voyage pas ch\u00e8re Assurance voyage tout inclus Assurance voyage COVID-19 Assurance voyage pour seniors Assurance annulation voyage Assurance voyage temporaire Assurance sant\u00e9 voyage Assurance voyage long s\u00e9jour Assurance voyage \u00e9tudiant Assurance voyage famille Devis assurance voyage"},{"@type":"BreadcrumbList","@id":"https:\/\/www.securiglobe.com\/fr\/#breadcrumb","itemListElement":[{"@type":"ListItem","position":1,"name":"Accueil","item":"https:\/\/www.securiglobe.com\/fr\/"},{"@type":"ListItem","position":2,"name":"Accueil"}]},{"@type":"WebSite","@id":"https:\/\/www.securiglobe.com\/fr\/#website","url":"https:\/\/www.securiglobe.com\/fr\/","name":"Securiglobe","description":"","publisher":{"@id":"https:\/\/www.securiglobe.com\/fr\/#organization"},"potentialAction":[{"@type":"SearchAction","target":{"@type":"EntryPoint","urlTemplate":"https:\/\/www.securiglobe.com\/fr\/?s={search_term_string}"},"query-input":{"@type":"PropertyValueSpecification","valueRequired":true,"valueName":"search_term_string"}}],"inLanguage":"fr-FR"},{"@type":"Organization","@id":"https:\/\/www.securiglobe.com\/fr\/#organization","name":"Securiglobe","url":"https:\/\/www.securiglobe.com\/fr\/","logo":{"@type":"ImageObject","inLanguage":"fr-FR","@id":"https:\/\/www.securiglobe.com\/fr\/#\/schema\/logo\/image\/","url":"https:\/\/www.securiglobe.com\/wp-content\/uploads\/2024\/09\/Securiglobe_SGSymbole_Vert_rvb.png","contentUrl":"https:\/\/www.securiglobe.com\/wp-content\/uploads\/2024\/09\/Securiglobe_SGSymbole_Vert_rvb.png","width":1391,"height":1391,"caption":"Securiglobe"},"image":{"@id":"https:\/\/www.securiglobe.com\/fr\/#\/schema\/logo\/image\/"},"sameAs":["https:\/\/www.facebook.com\/SECURIGLOBE\/","https:\/\/x.com\/securiglobe","https:\/\/www.instagram.com\/securiglobe\/","https:\/\/www.linkedin.com\/company\/securiglobe\/"]}]}},"_links":{"self":[{"href":"https:\/\/www.securiglobe.com\/fr\/wp-json\/wp\/v2\/pages\/7","targetHints":{"allow":["GET"]}}],"collection":[{"href":"https:\/\/www.securiglobe.com\/fr\/wp-json\/wp\/v2\/pages"}],"about":[{"href":"https:\/\/www.securiglobe.com\/fr\/wp-json\/wp\/v2\/types\/page"}],"author":[{"embeddable":true,"href":"https:\/\/www.securiglobe.com\/fr\/wp-json\/wp\/v2\/users\/2"}],"replies":[{"embeddable":true,"href":"https:\/\/www.securiglobe.com\/fr\/wp-json\/wp\/v2\/comments?post=7"}],"version-history":[{"count":28,"href":"https:\/\/www.securiglobe.com\/fr\/wp-json\/wp\/v2\/pages\/7\/revisions"}],"predecessor-version":[{"id":2018,"href":"https:\/\/www.securiglobe.com\/fr\/wp-json\/wp\/v2\/pages\/7\/revisions\/2018"}],"wp:featuredmedia":[{"embeddable":true,"href":"https:\/\/www.securiglobe.com\/fr\/wp-json\/wp\/v2\/media\/1803"}],"wp:attachment":[{"href":"https:\/\/www.securiglobe.com\/fr\/wp-json\/wp\/v2\/media?parent=7"}],"curies":[{"name":"wp","href":"https:\/\/api.w.org\/{rel}","templated":true}]}}